{"id":35,"date":"2020-04-27T06:29:43","date_gmt":"2020-04-27T06:29:43","guid":{"rendered":"https:\/\/frisierbar-stadtwald.de\/index.php\/one-page-express\/"},"modified":"2026-02-12T12:51:51","modified_gmt":"2026-02-12T12:51:51","slug":"one-page-express","status":"publish","type":"page","link":"https:\/\/frisierbar-stadtwald.de\/","title":{"rendered":"Front Page"},"content":{"rendered":"<div  id=\"aktuelles\" class=\"content-left-image-section content-image-left\" style=\"background-color: #ffffff;\" data-label=\"Aktuelles\" data-id=\"content-image-left\" data-category=\"content\">\n<div  class=\"gridContainer\">\n<div  class=\"row\">\n<div  class=\"content-left-image-imgcol\" data-type=\"column\"><a  class=\"\" href=\"https:\/\/frisierbar-stadtwald.de\/wp-content\/uploads\/2026\/01\/frisierbar-Seminar-Farbe.mp4\"><img  decoding=\"async\" class=\"custom-image alignright\" src=\"https:\/\/frisierbar-stadtwald.de\/wp-content\/uploads\/2026\/01\/frisierbar-Seminar-Farbe.png\" alt=\"\"><\/a><img decoding=\"async\"  class=\"custom-image\" src=\"https:\/\/frisierbar-stadtwald.de\/wp-content\/uploads\/2026\/02\/Farbtransformation.jpg\" alt=\"\"><p  class=\"\">Haarfarbe in nur &#8220; 10 MINUTEN &#8220; bei 100% Grauabdeckung?&nbsp;\n<br >Nur hier in Deiner Frisierbar!<\/p><img  decoding=\"async\" class=\"custom-image\" src=\"https:\/\/frisierbar-stadtwald.de\/wp-content\/uploads\/2025\/11\/ad.jpg\" alt=\"\">\n<div  class=\"spacer\" data-type=\"group\"><\/div>\n<img  decoding=\"async\" class=\"\" src=\"https:\/\/frisierbar-stadtwald.de\/wp-content\/uploads\/2020\/08\/news-1746491_1920-e1598270079384.jpg\"><img  decoding=\"async\" class=\"custom-image\" src=\"https:\/\/frisierbar-stadtwald.de\/wp-content\/uploads\/2026\/01\/frisierbar-Seminar-Farbe.mp4\" alt=\"\"><img  decoding=\"async\" class=\"custom-image\" src=\"https:\/\/frisierbar-stadtwald.de\/wp-content\/uploads\/2026\/01\/frisierbar-Seminar-Farbe.mp4\" alt=\"\">\n<div  class=\"spacer\" data-type=\"group\"><\/div>\n<\/div>\n<div  class=\"content-left-image-textcol dynamic-color\" data-type=\"column\">\n<h2  class=\"\">Aktuelles<\/h2>\n<p  class=\"\"><\/p><p  class=\"\" style=\"font-size: 18px; line-height: 27px;\">Liebe Kunden, es gibt gute Neuigkeiten!!!<\/p><span  style=\"font-family: &quot;Source Sans Pro&quot;, sans-serif; font-size: 18px;\" class=\"\">Das Team Frisierbar hat sich am 19.01.26 in Zusammenarbeit mit der Firma Wella zum Thema Farbe weitergebildet. Wir freuen uns Ihnen schon bald davon berichten zu k\u00f6nnen.<br ><br >Payback \u2013 Punkten Sie mit!\n<br ><br ><br >Zum 01.10.2025 biete ich meinen Kunden die Kunde bei der Sparkasse sind, sich mit Ihrer SparkassenKarte bei Payback verkn\u00fcpfen zu lassen, um auch in der frisierbar Punkte sammeln zu k\u00f6nnen.\n<br ><br >\n<br ><br >&nbsp;<\/span><b  style=\"font-size: 18px;\" class=\"\"><u  style=\"font-size: 18px;\">** STELLENAUSSCHREIBUNG **&nbsp;\n<\/u><\/b><span  style=\"font-family: &quot;Source Sans Pro&quot;, sans-serif; font-size: 18px;\" class=\"\"><\/span><b  style=\"font-size: 18px;\" class=\"\">Wir suchen ab sofort eine Fachkraft (w\/m\/d) in Teilzeit! Bitte rufen Sie gerne in der frisierbar an .&nbsp;<\/b><span  style=\"font-family: &quot;Source Sans Pro&quot;, sans-serif; font-size: 18px;\" class=\"\">&nbsp;\n<br ><br >Ab sofort k\u00f6nnen Sie auch Online Termine f\u00fcr Ihren Besuch buchen. Verwenden Sie dazu gerne den gro\u00dfen blauen Button oben. Bitte rufen Sie zur Terminvergabe von Str\u00e4hnen an. Alternativ k\u00f6nnen Sie uns auch gerne eine E-Mail senden, wir melden uns dann umgehend zur\u00fcck. Wir bieten Ihnen Bedienungen mit und ohne Termin an. Je nach Kapazit\u00e4t nat\u00fcrlich! \n<br ><br >Die frisierbar ist barrierefrei. \n<br ><br >Aufgrund der erh\u00f6hten Nachfrage, bitte ich Sie um Verst\u00e4ndnis, dass gebuchte Termine immer Vorrang haben. Ohne Termin anzukommen hei\u00dft Zeit mitzubringen, denn Sie sind es uns Wert! Bitte erscheinen Sie zum angegebenen Termin p\u00fcnktlich! Sollten Sie den Termin nicht wahrnehmen k\u00f6nnen, dann sagen Sie bitte rechtzeitig mind. 24 Stunden vorher ab. Nicht abgesagte Termine m\u00fcssen wir leider in Rechnung stellen. Wir bitten um Ihr Verst\u00e4ndnis.<\/span><\/div>\n<\/div>\n<\/div>\n<\/div><div  data-label=\"Oeffnungszeiten\" data-id=\"content-image-right\" data-category=\"content\" class=\"content-right-image-section content-image-right\" id=\"oeffnungszeiten\" style=\"background-color: rgb(246, 246, 246);\"> <div  class=\"gridContainer\"> <div  class=\"content-right-image-gridcol\"> <div  class=\"content-right-image-textcol dynamic-color\" data-type=\"column\"> <h2  class=\"\">Unsere \u00d6ffnungszeiten<\/h2> <p  class=\"large_text\">Montag&nbsp; &nbsp; &nbsp; &nbsp; &nbsp; geschlossen<br >Dienstag&nbsp; &nbsp; &nbsp; &nbsp; 09:00 \u2013 18:00 Uhr<br >Mittwoch&nbsp; &nbsp; &nbsp; &nbsp;09:00 \u2013 18:00 Uhr<br >Donnerstag&nbsp; &nbsp;09:00 \u2013 18:00 Uhr<br >Freitag&nbsp; &nbsp; &nbsp; &nbsp; &nbsp; &nbsp; 09:00 \u2013 18:00 Uhr<br >Samstags&nbsp; &nbsp; &nbsp; 08:00 \u2013 13:00 Uhr<\/p>  <\/div> <div  class=\"content-right-image-imgcol\" data-type=\"column\"> <img decoding=\"async\"  src=\"https:\/\/frisierbar-stadtwald.de\/wp-content\/uploads\/2020\/04\/day-planner-828611_1920.jpg\" class=\"\" alt=\"\"> <\/div> <\/div> <\/div> <\/div>","protected":false},"excerpt":{"rendered":"<p>Haarfarbe in nur &#8220; 10 MINUTEN &#8220; bei 100% Grauabdeckung?&nbsp; Nur hier in Deiner Frisierbar! Aktuelles Liebe Kunden, es gibt gute Neuigkeiten!!!Das Team Frisierbar hat sich am 19.01.26 in Zusammenarbeit mit der Firma Wella zum Thema Farbe weitergebildet. Wir freuen uns Ihnen schon bald davon berichten zu k\u00f6nnen.Payback \u2013 Punkten Sie mit! Zum 01.10.2025 biete&hellip; <br \/> <a class=\"button small blue\" href=\"https:\/\/frisierbar-stadtwald.de\/\">Weiterlesen<\/a><\/p>\n","protected":false},"author":1,"featured_media":0,"parent":0,"menu_order":0,"comment_status":"closed","ping_status":"closed","template":"","meta":{"footnotes":""},"yoast_head":"<!-- This site is optimized with the Yoast SEO plugin v22.3 - https:\/\/yoast.com\/wordpress\/plugins\/seo\/ -->\n<title>Front Page - frisierbar - Essen Stadtwald<\/title>\n<meta name=\"robots\" content=\"index, follow, max-snippet:-1, max-image-preview:large, max-video-preview:-1\" \/>\n<link rel=\"canonical\" href=\"https:\/\/frisierbar-stadtwald.de\/\" \/>\n<meta property=\"og:locale\" content=\"de_DE\" \/>\n<meta property=\"og:type\" content=\"article\" \/>\n<meta property=\"og:title\" content=\"Front Page - frisierbar - Essen Stadtwald\" \/>\n<meta property=\"og:description\" content=\"Haarfarbe in nur &#8220; 10 MINUTEN &#8220; bei 100% Grauabdeckung?&nbsp; Nur hier in Deiner Frisierbar! Aktuelles Liebe Kunden, es gibt gute Neuigkeiten!!!Das Team Frisierbar hat sich am 19.01.26 in Zusammenarbeit mit der Firma Wella zum Thema Farbe weitergebildet. Wir freuen uns Ihnen schon bald davon berichten zu k\u00f6nnen.Payback \u2013 Punkten Sie mit! Zum 01.10.2025 biete&hellip; Weiterlesen\" \/>\n<meta property=\"og:url\" content=\"https:\/\/frisierbar-stadtwald.de\/\" \/>\n<meta property=\"og:site_name\" content=\"frisierbar - Essen Stadtwald\" \/>\n<meta property=\"article:modified_time\" content=\"2026-02-12T12:51:51+00:00\" \/>\n<meta property=\"og:image\" content=\"https:\/\/frisierbar-stadtwald.de\/wp-content\/uploads\/2026\/01\/frisierbar-Seminar-Farbe.png\" \/>\n<meta name=\"twitter:card\" content=\"summary_large_image\" \/>\n<meta name=\"twitter:label1\" content=\"Gesch\u00e4tzte Lesezeit\" \/>\n\t<meta name=\"twitter:data1\" content=\"3\u00a0Minuten\" \/>\n<script type=\"application\/ld+json\" class=\"yoast-schema-graph\">{\"@context\":\"https:\/\/schema.org\",\"@graph\":[{\"@type\":\"WebPage\",\"@id\":\"https:\/\/frisierbar-stadtwald.de\/\",\"url\":\"https:\/\/frisierbar-stadtwald.de\/\",\"name\":\"Front Page - frisierbar - Essen Stadtwald\",\"isPartOf\":{\"@id\":\"https:\/\/frisierbar-stadtwald.de\/#website\"},\"primaryImageOfPage\":{\"@id\":\"https:\/\/frisierbar-stadtwald.de\/#primaryimage\"},\"image\":{\"@id\":\"https:\/\/frisierbar-stadtwald.de\/#primaryimage\"},\"thumbnailUrl\":\"https:\/\/frisierbar-stadtwald.de\/wp-content\/uploads\/2026\/01\/frisierbar-Seminar-Farbe.png\",\"datePublished\":\"2020-04-27T06:29:43+00:00\",\"dateModified\":\"2026-02-12T12:51:51+00:00\",\"breadcrumb\":{\"@id\":\"https:\/\/frisierbar-stadtwald.de\/#breadcrumb\"},\"inLanguage\":\"de\",\"potentialAction\":[{\"@type\":\"ReadAction\",\"target\":[\"https:\/\/frisierbar-stadtwald.de\/\"]}]},{\"@type\":\"ImageObject\",\"inLanguage\":\"de\",\"@id\":\"https:\/\/frisierbar-stadtwald.de\/#primaryimage\",\"url\":\"https:\/\/frisierbar-stadtwald.de\/wp-content\/uploads\/2026\/01\/frisierbar-Seminar-Farbe.png\",\"contentUrl\":\"https:\/\/frisierbar-stadtwald.de\/wp-content\/uploads\/2026\/01\/frisierbar-Seminar-Farbe.png\",\"width\":669,\"height\":1160},{\"@type\":\"BreadcrumbList\",\"@id\":\"https:\/\/frisierbar-stadtwald.de\/#breadcrumb\",\"itemListElement\":[{\"@type\":\"ListItem\",\"position\":1,\"name\":\"Startseite\",\"item\":\"https:\/\/frisierbar-stadtwald.de\/\"},{\"@type\":\"ListItem\",\"position\":2,\"name\":\"Front Page\"}]},{\"@type\":\"WebSite\",\"@id\":\"https:\/\/frisierbar-stadtwald.de\/#website\",\"url\":\"https:\/\/frisierbar-stadtwald.de\/\",\"name\":\"frisierbar - Essen Stadtwald\",\"description\":\"\",\"publisher\":{\"@id\":\"https:\/\/frisierbar-stadtwald.de\/#organization\"},\"potentialAction\":[{\"@type\":\"SearchAction\",\"target\":{\"@type\":\"EntryPoint\",\"urlTemplate\":\"https:\/\/frisierbar-stadtwald.de\/?s={search_term_string}\"},\"query-input\":\"required name=search_term_string\"}],\"inLanguage\":\"de\"},{\"@type\":\"Organization\",\"@id\":\"https:\/\/frisierbar-stadtwald.de\/#organization\",\"name\":\"frisierbar - Essen Stadtwald\",\"url\":\"https:\/\/frisierbar-stadtwald.de\/\",\"logo\":{\"@type\":\"ImageObject\",\"inLanguage\":\"de\",\"@id\":\"https:\/\/frisierbar-stadtwald.de\/#\/schema\/logo\/image\/\",\"url\":\"https:\/\/frisierbar-stadtwald.de\/wp-content\/uploads\/2020\/04\/cropped-logo-1.jpg\",\"contentUrl\":\"https:\/\/frisierbar-stadtwald.de\/wp-content\/uploads\/2020\/04\/cropped-logo-1.jpg\",\"width\":1307,\"height\":482,\"caption\":\"frisierbar - Essen Stadtwald\"},\"image\":{\"@id\":\"https:\/\/frisierbar-stadtwald.de\/#\/schema\/logo\/image\/\"}}]}<\/script>\n<!-- \/ Yoast SEO plugin. -->","yoast_head_json":{"title":"Front Page - frisierbar - Essen Stadtwald","robots":{"index":"index","follow":"follow","max-snippet":"max-snippet:-1","max-image-preview":"max-image-preview:large","max-video-preview":"max-video-preview:-1"},"canonical":"https:\/\/frisierbar-stadtwald.de\/","og_locale":"de_DE","og_type":"article","og_title":"Front Page - frisierbar - Essen Stadtwald","og_description":"Haarfarbe in nur &#8220; 10 MINUTEN &#8220; bei 100% Grauabdeckung?&nbsp; Nur hier in Deiner Frisierbar! Aktuelles Liebe Kunden, es gibt gute Neuigkeiten!!!Das Team Frisierbar hat sich am 19.01.26 in Zusammenarbeit mit der Firma Wella zum Thema Farbe weitergebildet. Wir freuen uns Ihnen schon bald davon berichten zu k\u00f6nnen.Payback \u2013 Punkten Sie mit! Zum 01.10.2025 biete&hellip; Weiterlesen","og_url":"https:\/\/frisierbar-stadtwald.de\/","og_site_name":"frisierbar - Essen Stadtwald","article_modified_time":"2026-02-12T12:51:51+00:00","og_image":[{"url":"https:\/\/frisierbar-stadtwald.de\/wp-content\/uploads\/2026\/01\/frisierbar-Seminar-Farbe.png"}],"twitter_card":"summary_large_image","twitter_misc":{"Gesch\u00e4tzte Lesezeit":"3\u00a0Minuten"},"schema":{"@context":"https:\/\/schema.org","@graph":[{"@type":"WebPage","@id":"https:\/\/frisierbar-stadtwald.de\/","url":"https:\/\/frisierbar-stadtwald.de\/","name":"Front Page - frisierbar - Essen Stadtwald","isPartOf":{"@id":"https:\/\/frisierbar-stadtwald.de\/#website"},"primaryImageOfPage":{"@id":"https:\/\/frisierbar-stadtwald.de\/#primaryimage"},"image":{"@id":"https:\/\/frisierbar-stadtwald.de\/#primaryimage"},"thumbnailUrl":"https:\/\/frisierbar-stadtwald.de\/wp-content\/uploads\/2026\/01\/frisierbar-Seminar-Farbe.png","datePublished":"2020-04-27T06:29:43+00:00","dateModified":"2026-02-12T12:51:51+00:00","breadcrumb":{"@id":"https:\/\/frisierbar-stadtwald.de\/#breadcrumb"},"inLanguage":"de","potentialAction":[{"@type":"ReadAction","target":["https:\/\/frisierbar-stadtwald.de\/"]}]},{"@type":"ImageObject","inLanguage":"de","@id":"https:\/\/frisierbar-stadtwald.de\/#primaryimage","url":"https:\/\/frisierbar-stadtwald.de\/wp-content\/uploads\/2026\/01\/frisierbar-Seminar-Farbe.png","contentUrl":"https:\/\/frisierbar-stadtwald.de\/wp-content\/uploads\/2026\/01\/frisierbar-Seminar-Farbe.png","width":669,"height":1160},{"@type":"BreadcrumbList","@id":"https:\/\/frisierbar-stadtwald.de\/#breadcrumb","itemListElement":[{"@type":"ListItem","position":1,"name":"Startseite","item":"https:\/\/frisierbar-stadtwald.de\/"},{"@type":"ListItem","position":2,"name":"Front Page"}]},{"@type":"WebSite","@id":"https:\/\/frisierbar-stadtwald.de\/#website","url":"https:\/\/frisierbar-stadtwald.de\/","name":"frisierbar - Essen Stadtwald","description":"","publisher":{"@id":"https:\/\/frisierbar-stadtwald.de\/#organization"},"potentialAction":[{"@type":"SearchAction","target":{"@type":"EntryPoint","urlTemplate":"https:\/\/frisierbar-stadtwald.de\/?s={search_term_string}"},"query-input":"required name=search_term_string"}],"inLanguage":"de"},{"@type":"Organization","@id":"https:\/\/frisierbar-stadtwald.de\/#organization","name":"frisierbar - Essen Stadtwald","url":"https:\/\/frisierbar-stadtwald.de\/","logo":{"@type":"ImageObject","inLanguage":"de","@id":"https:\/\/frisierbar-stadtwald.de\/#\/schema\/logo\/image\/","url":"https:\/\/frisierbar-stadtwald.de\/wp-content\/uploads\/2020\/04\/cropped-logo-1.jpg","contentUrl":"https:\/\/frisierbar-stadtwald.de\/wp-content\/uploads\/2020\/04\/cropped-logo-1.jpg","width":1307,"height":482,"caption":"frisierbar - Essen Stadtwald"},"image":{"@id":"https:\/\/frisierbar-stadtwald.de\/#\/schema\/logo\/image\/"}}]}},"_links":{"self":[{"href":"https:\/\/frisierbar-stadtwald.de\/index.php\/wp-json\/wp\/v2\/pages\/35"}],"collection":[{"href":"https:\/\/frisierbar-stadtwald.de\/index.php\/wp-json\/wp\/v2\/pages"}],"about":[{"href":"https:\/\/frisierbar-stadtwald.de\/index.php\/wp-json\/wp\/v2\/types\/page"}],"author":[{"embeddable":true,"href":"https:\/\/frisierbar-stadtwald.de\/index.php\/wp-json\/wp\/v2\/users\/1"}],"replies":[{"embeddable":true,"href":"https:\/\/frisierbar-stadtwald.de\/index.php\/wp-json\/wp\/v2\/comments?post=35"}],"version-history":[{"count":94,"href":"https:\/\/frisierbar-stadtwald.de\/index.php\/wp-json\/wp\/v2\/pages\/35\/revisions"}],"predecessor-version":[{"id":324,"href":"https:\/\/frisierbar-stadtwald.de\/index.php\/wp-json\/wp\/v2\/pages\/35\/revisions\/324"}],"wp:attachment":[{"href":"https:\/\/frisierbar-stadtwald.de\/index.php\/wp-json\/wp\/v2\/media?parent=35"}],"curies":[{"name":"wp","href":"https:\/\/api.w.org\/{rel}","templated":true}]}}